{"id":50138,"date":"2021-11-16T15:52:48","date_gmt":"2021-11-16T14:52:48","guid":{"rendered":"https:\/\/sv.svedbrosmide.se\/produkt\/engrenages-a-cliquet-avec-elements-de-friction\/"},"modified":"2021-11-16T15:52:48","modified_gmt":"2021-11-16T14:52:48","slug":"engrenages-a-cliquet-avec-elements-de-friction","status":"publish","type":"product","link":"https:\/\/sv.svedbrosmide.se\/fr\/produkt\/engrenages-a-cliquet-avec-elements-de-friction\/","title":{"rendered":"Engrenages \u00e0 cliquet avec \u00e9l\u00e9ments de friction"},"content":{"rendered":"","protected":false},"excerpt":{"rendered":"<p> [&#8230;]<\/p>\n<p><a class=\"btn btn-secondary understrap-read-more-link\" href=\"https:\/\/sv.svedbrosmide.se\/fr\/produkt\/engrenages-a-cliquet-avec-elements-de-friction\/\">Lire la suite&#8230;<\/a><\/p>\n","protected":false},"featured_media":50139,"template":"","meta":{"_acf_changed":false},"product_brand":[],"product_cat":[586],"product_tag":[],"class_list":{"0":"post-50138","1":"product","2":"type-product","3":"status-publish","4":"has-post-thumbnail","6":"product_cat-pieces-de-rechange-pour-le-stalpen","8":"first","9":"instock","10":"taxable","11":"shipping-taxable","12":"purchasable","13":"product-type-simple"},"acf":[],"yoast_head":"<!-- This site is optimized with the Yoast SEO plugin v24.6 - https:\/\/yoast.com\/wordpress\/plugins\/seo\/ -->\n<title>Engrenages \u00e0 cliquet avec \u00e9l\u00e9ments de friction - Svedbro Smide<\/title>\n<meta name=\"robots\" content=\"noindex, follow, max-snippet:-1, max-image-preview:large, max-video-preview:-1\" \/>\n<meta property=\"og:locale\" content=\"fr_FR\" \/>\n<meta property=\"og:type\" content=\"article\" \/>\n<meta property=\"og:title\" content=\"Engrenages \u00e0 cliquet avec \u00e9l\u00e9ments de friction - Svedbro Smide\" \/>\n<meta property=\"og:description\" content=\"[...]Lire la suite...\" \/>\n<meta property=\"og:url\" content=\"https:\/\/sv.svedbrosmide.se\/fr\/produkt\/engrenages-a-cliquet-avec-elements-de-friction\/\" \/>\n<meta property=\"og:site_name\" content=\"Svedbro Smide\" \/>\n<meta property=\"og:image\" content=\"https:\/\/sv.svedbrosmide.se\/wp-content\/uploads\/67130.jpg\" \/>\n\t<meta property=\"og:image:width\" content=\"1105\" \/>\n\t<meta property=\"og:image:height\" content=\"1065\" \/>\n\t<meta property=\"og:image:type\" content=\"image\/jpeg\" \/>\n<meta name=\"twitter:card\" content=\"summary_large_image\" \/>\n<script type=\"application\/ld+json\" class=\"yoast-schema-graph\">{\"@context\":\"https:\/\/schema.org\",\"@graph\":[{\"@type\":\"WebPage\",\"@id\":\"https:\/\/sv.svedbrosmide.se\/fr\/produkt\/engrenages-a-cliquet-avec-elements-de-friction\/\",\"url\":\"https:\/\/sv.svedbrosmide.se\/fr\/produkt\/engrenages-a-cliquet-avec-elements-de-friction\/\",\"name\":\"Engrenages \u00e0 cliquet avec \u00e9l\u00e9ments de friction - Svedbro Smide\",\"isPartOf\":{\"@id\":\"https:\/\/sv.svedbrosmide.se\/fr\/#website\"},\"primaryImageOfPage\":{\"@id\":\"https:\/\/sv.svedbrosmide.se\/fr\/produkt\/engrenages-a-cliquet-avec-elements-de-friction\/#primaryimage\"},\"image\":{\"@id\":\"https:\/\/sv.svedbrosmide.se\/fr\/produkt\/engrenages-a-cliquet-avec-elements-de-friction\/#primaryimage\"},\"thumbnailUrl\":\"https:\/\/sv.svedbrosmide.se\/wp-content\/uploads\/67130.jpg\",\"datePublished\":\"2021-11-16T14:52:48+00:00\",\"breadcrumb\":{\"@id\":\"https:\/\/sv.svedbrosmide.se\/fr\/produkt\/engrenages-a-cliquet-avec-elements-de-friction\/#breadcrumb\"},\"inLanguage\":\"fr-FR\",\"potentialAction\":[{\"@type\":\"ReadAction\",\"target\":[\"https:\/\/sv.svedbrosmide.se\/fr\/produkt\/engrenages-a-cliquet-avec-elements-de-friction\/\"]}]},{\"@type\":\"ImageObject\",\"inLanguage\":\"fr-FR\",\"@id\":\"https:\/\/sv.svedbrosmide.se\/fr\/produkt\/engrenages-a-cliquet-avec-elements-de-friction\/#primaryimage\",\"url\":\"https:\/\/sv.svedbrosmide.se\/wp-content\/uploads\/67130.jpg\",\"contentUrl\":\"https:\/\/sv.svedbrosmide.se\/wp-content\/uploads\/67130.jpg\",\"width\":1105,\"height\":1065},{\"@type\":\"BreadcrumbList\",\"@id\":\"https:\/\/sv.svedbrosmide.se\/fr\/produkt\/engrenages-a-cliquet-avec-elements-de-friction\/#breadcrumb\",\"itemListElement\":[{\"@type\":\"ListItem\",\"position\":1,\"name\":\"Hem\",\"item\":\"https:\/\/sv.svedbrosmide.se\/fr\/\"},{\"@type\":\"ListItem\",\"position\":2,\"name\":\"Webbutik\",\"item\":\"https:\/\/sv.svedbrosmide.se\/butik\/\"},{\"@type\":\"ListItem\",\"position\":3,\"name\":\"Engrenages \u00e0 cliquet avec \u00e9l\u00e9ments de friction\"}]},{\"@type\":\"WebSite\",\"@id\":\"https:\/\/sv.svedbrosmide.se\/fr\/#website\",\"url\":\"https:\/\/sv.svedbrosmide.se\/fr\/\",\"name\":\"Svedbro Smide\",\"description\":\"Svedbro\",\"publisher\":{\"@id\":\"https:\/\/sv.svedbrosmide.se\/fr\/#organization\"},\"potentialAction\":[{\"@type\":\"SearchAction\",\"target\":{\"@type\":\"EntryPoint\",\"urlTemplate\":\"https:\/\/sv.svedbrosmide.se\/fr\/?s={search_term_string}\"},\"query-input\":{\"@type\":\"PropertyValueSpecification\",\"valueRequired\":true,\"valueName\":\"search_term_string\"}}],\"inLanguage\":\"fr-FR\"},{\"@type\":\"Organization\",\"@id\":\"https:\/\/sv.svedbrosmide.se\/fr\/#organization\",\"name\":\"Svedbro Smide\",\"url\":\"https:\/\/sv.svedbrosmide.se\/fr\/\",\"logo\":{\"@type\":\"ImageObject\",\"inLanguage\":\"fr-FR\",\"@id\":\"https:\/\/sv.svedbrosmide.se\/fr\/#\/schema\/logo\/image\/\",\"url\":\"https:\/\/svedbrosmide.se\/wp-content\/uploads\/Svedbro-Smide-Ny-Logo-ver-2-svart.jpg\",\"contentUrl\":\"https:\/\/svedbrosmide.se\/wp-content\/uploads\/Svedbro-Smide-Ny-Logo-ver-2-svart.jpg\",\"width\":267,\"height\":126,\"caption\":\"Svedbro Smide\"},\"image\":{\"@id\":\"https:\/\/sv.svedbrosmide.se\/fr\/#\/schema\/logo\/image\/\"}}]}<\/script>\n<!-- \/ Yoast SEO plugin. -->","yoast_head_json":{"title":"Engrenages \u00e0 cliquet avec \u00e9l\u00e9ments de friction - Svedbro Smide","robots":{"index":"noindex","follow":"follow","max-snippet":"max-snippet:-1","max-image-preview":"max-image-preview:large","max-video-preview":"max-video-preview:-1"},"og_locale":"fr_FR","og_type":"article","og_title":"Engrenages \u00e0 cliquet avec \u00e9l\u00e9ments de friction - Svedbro Smide","og_description":"[...]Lire la suite...","og_url":"https:\/\/sv.svedbrosmide.se\/fr\/produkt\/engrenages-a-cliquet-avec-elements-de-friction\/","og_site_name":"Svedbro Smide","og_image":[{"width":1105,"height":1065,"url":"https:\/\/sv.svedbrosmide.se\/wp-content\/uploads\/67130.jpg","type":"image\/jpeg"}],"twitter_card":"summary_large_image","schema":{"@context":"https:\/\/schema.org","@graph":[{"@type":"WebPage","@id":"https:\/\/sv.svedbrosmide.se\/fr\/produkt\/engrenages-a-cliquet-avec-elements-de-friction\/","url":"https:\/\/sv.svedbrosmide.se\/fr\/produkt\/engrenages-a-cliquet-avec-elements-de-friction\/","name":"Engrenages \u00e0 cliquet avec \u00e9l\u00e9ments de friction - Svedbro Smide","isPartOf":{"@id":"https:\/\/sv.svedbrosmide.se\/fr\/#website"},"primaryImageOfPage":{"@id":"https:\/\/sv.svedbrosmide.se\/fr\/produkt\/engrenages-a-cliquet-avec-elements-de-friction\/#primaryimage"},"image":{"@id":"https:\/\/sv.svedbrosmide.se\/fr\/produkt\/engrenages-a-cliquet-avec-elements-de-friction\/#primaryimage"},"thumbnailUrl":"https:\/\/sv.svedbrosmide.se\/wp-content\/uploads\/67130.jpg","datePublished":"2021-11-16T14:52:48+00:00","breadcrumb":{"@id":"https:\/\/sv.svedbrosmide.se\/fr\/produkt\/engrenages-a-cliquet-avec-elements-de-friction\/#breadcrumb"},"inLanguage":"fr-FR","potentialAction":[{"@type":"ReadAction","target":["https:\/\/sv.svedbrosmide.se\/fr\/produkt\/engrenages-a-cliquet-avec-elements-de-friction\/"]}]},{"@type":"ImageObject","inLanguage":"fr-FR","@id":"https:\/\/sv.svedbrosmide.se\/fr\/produkt\/engrenages-a-cliquet-avec-elements-de-friction\/#primaryimage","url":"https:\/\/sv.svedbrosmide.se\/wp-content\/uploads\/67130.jpg","contentUrl":"https:\/\/sv.svedbrosmide.se\/wp-content\/uploads\/67130.jpg","width":1105,"height":1065},{"@type":"BreadcrumbList","@id":"https:\/\/sv.svedbrosmide.se\/fr\/produkt\/engrenages-a-cliquet-avec-elements-de-friction\/#breadcrumb","itemListElement":[{"@type":"ListItem","position":1,"name":"Hem","item":"https:\/\/sv.svedbrosmide.se\/fr\/"},{"@type":"ListItem","position":2,"name":"Webbutik","item":"https:\/\/sv.svedbrosmide.se\/butik\/"},{"@type":"ListItem","position":3,"name":"Engrenages \u00e0 cliquet avec \u00e9l\u00e9ments de friction"}]},{"@type":"WebSite","@id":"https:\/\/sv.svedbrosmide.se\/fr\/#website","url":"https:\/\/sv.svedbrosmide.se\/fr\/","name":"Svedbro Smide","description":"Svedbro","publisher":{"@id":"https:\/\/sv.svedbrosmide.se\/fr\/#organization"},"potentialAction":[{"@type":"SearchAction","target":{"@type":"EntryPoint","urlTemplate":"https:\/\/sv.svedbrosmide.se\/fr\/?s={search_term_string}"},"query-input":{"@type":"PropertyValueSpecification","valueRequired":true,"valueName":"search_term_string"}}],"inLanguage":"fr-FR"},{"@type":"Organization","@id":"https:\/\/sv.svedbrosmide.se\/fr\/#organization","name":"Svedbro Smide","url":"https:\/\/sv.svedbrosmide.se\/fr\/","logo":{"@type":"ImageObject","inLanguage":"fr-FR","@id":"https:\/\/sv.svedbrosmide.se\/fr\/#\/schema\/logo\/image\/","url":"https:\/\/svedbrosmide.se\/wp-content\/uploads\/Svedbro-Smide-Ny-Logo-ver-2-svart.jpg","contentUrl":"https:\/\/svedbrosmide.se\/wp-content\/uploads\/Svedbro-Smide-Ny-Logo-ver-2-svart.jpg","width":267,"height":126,"caption":"Svedbro Smide"},"image":{"@id":"https:\/\/sv.svedbrosmide.se\/fr\/#\/schema\/logo\/image\/"}}]}},"_links":{"self":[{"href":"https:\/\/sv.svedbrosmide.se\/fr\/wp-json\/wp\/v2\/product\/50138","targetHints":{"allow":["GET"]}}],"collection":[{"href":"https:\/\/sv.svedbrosmide.se\/fr\/wp-json\/wp\/v2\/product"}],"about":[{"href":"https:\/\/sv.svedbrosmide.se\/fr\/wp-json\/wp\/v2\/types\/product"}],"wp:featuredmedia":[{"embeddable":true,"href":"https:\/\/sv.svedbrosmide.se\/fr\/wp-json\/wp\/v2\/media\/50139"}],"wp:attachment":[{"href":"https:\/\/sv.svedbrosmide.se\/fr\/wp-json\/wp\/v2\/media?parent=50138"}],"wp:term":[{"taxonomy":"product_brand","embeddable":true,"href":"https:\/\/sv.svedbrosmide.se\/fr\/wp-json\/wp\/v2\/product_brand?post=50138"},{"taxonomy":"product_cat","embeddable":true,"href":"https:\/\/sv.svedbrosmide.se\/fr\/wp-json\/wp\/v2\/product_cat?post=50138"},{"taxonomy":"product_tag","embeddable":true,"href":"https:\/\/sv.svedbrosmide.se\/fr\/wp-json\/wp\/v2\/product_tag?post=50138"}],"curies":[{"name":"wp","href":"https:\/\/api.w.org\/{rel}","templated":true}]}}