{"id":49821,"date":"2021-11-16T15:52:39","date_gmt":"2021-11-16T14:52:39","guid":{"rendered":"https:\/\/sv.svedbrosmide.se\/produkt\/svedbro-kuhfuss-white\/"},"modified":"2021-11-16T15:52:39","modified_gmt":"2021-11-16T14:52:39","slug":"svedbro-kuhfuss-white","status":"publish","type":"product","link":"https:\/\/sv.svedbrosmide.se\/de\/produkt\/svedbro-kuhfuss-white\/","title":{"rendered":"Svedbro Kuhfu\u00df &#8211; White"},"content":{"rendered":"","protected":false},"excerpt":{"rendered":"<p><strong>F\u00fcr Renovierung, Denkmalschutz und Abriss. Zum ersten Mal seit 80 Jahren stellen wir Brechstangen in mehr Farben her als unser klassisches Blau. Welche Farbe w\u00e4hlen Sie?<\/strong><\/p>\n<p>Alle Brechstangen werden von Hand geschmiedet und vor dem Verlassen der Schmiede qualit\u00e4tsgepr\u00fcft. Das Design wurde entwickelt, um Ihre Arbeit effizient und pr\u00e4zise ausf\u00fchren zu k\u00f6nnen.<\/p>\n<p>Der achteckige Griff bietet Ihnen einen besseren Halt, und das geringe Gewicht in Kombination mit der St\u00e4rke tr\u00e4gt zu einer besseren Ergonomie und erh\u00f6hten Pr\u00e4zision bei. Die charakteristische V-Form des Nagelziehers und die breiten, d\u00fcnnen Auflagefl\u00e4chen erm\u00f6glichen es Ihnen, \u00fcberall zu arbeiten. Sie minimieren auch das Risiko von Sch\u00e4den an der Oberfl\u00e4che.<\/p>\n<p><em>Erh\u00e4ltlich in f\u00fcnf Gr\u00f6\u00dfen &#8211; von 11\u2033 bis 36\u2033.<\/em> [&#8230;]<\/p>\n<p><a class=\"btn btn-secondary understrap-read-more-link\" href=\"https:\/\/sv.svedbrosmide.se\/de\/produkt\/svedbro-kuhfuss-white\/\">Weiterlesen&#8230;<\/a><\/p>\n","protected":false},"featured_media":49822,"template":"","meta":{"_acf_changed":false},"product_brand":[],"product_cat":[576],"product_tag":[],"class_list":{"0":"post-49821","1":"product","2":"type-product","3":"status-publish","4":"has-post-thumbnail","6":"product_cat-limited-edition","8":"first","9":"outofstock","10":"taxable","11":"shipping-taxable","12":"purchasable","13":"product-type-variable"},"acf":[],"yoast_head":"<!-- This site is optimized with the Yoast SEO plugin v24.6 - https:\/\/yoast.com\/wordpress\/plugins\/seo\/ -->\n<title>Svedbro<\/title>\n<meta name=\"robots\" content=\"noindex, follow, max-snippet:-1, max-image-preview:large, max-video-preview:-1\" \/>\n<meta property=\"og:locale\" content=\"de_DE\" \/>\n<meta property=\"og:type\" content=\"article\" \/>\n<meta property=\"og:title\" content=\"Svedbro\" \/>\n<meta property=\"og:description\" content=\"F\u00fcr Renovierung, Denkmalschutz und Abriss. Zum ersten Mal seit 80 Jahren stellen wir Brechstangen in mehr Farben her als unser klassisches Blau. Welche Farbe w\u00e4hlen Sie?  Alle Brechstangen werden von Hand geschmiedet und vor dem Verlassen der Schmiede qualit\u00e4tsgepr\u00fcft. Das Design wurde entwickelt, um Ihre Arbeit effizient und pr\u00e4zise ausf\u00fchren zu k\u00f6nnen.  Der achteckige Griff bietet Ihnen einen besseren Halt, und das geringe Gewicht in Kombination mit der St\u00e4rke tr\u00e4gt zu einer besseren Ergonomie und erh\u00f6hten Pr\u00e4zision bei. Die charakteristische V-Form des Nagelziehers und die breiten, d\u00fcnnen Auflagefl\u00e4chen erm\u00f6glichen es Ihnen, \u00fcberall zu arbeiten. Sie minimieren auch das Risiko von Sch\u00e4den an der Oberfl\u00e4che.  Erh\u00e4ltlich in f\u00fcnf Gr\u00f6\u00dfen - von 11\u2033 bis 36\u2033. [...]Weiterlesen...\" \/>\n<meta property=\"og:url\" content=\"https:\/\/sv.svedbrosmide.se\/de\/produkt\/svedbro-kuhfuss-white\/\" \/>\n<meta property=\"og:site_name\" content=\"Svedbro Smide\" \/>\n<meta property=\"og:image\" content=\"https:\/\/sv.svedbrosmide.se\/wp-content\/uploads\/vit.jpg\" \/>\n\t<meta property=\"og:image:width\" content=\"1500\" \/>\n\t<meta property=\"og:image:height\" content=\"1001\" \/>\n\t<meta property=\"og:image:type\" content=\"image\/jpeg\" \/>\n<meta name=\"twitter:card\" content=\"summary_large_image\" \/>\n<script type=\"application\/ld+json\" class=\"yoast-schema-graph\">{\"@context\":\"https:\/\/schema.org\",\"@graph\":[{\"@type\":\"WebPage\",\"@id\":\"https:\/\/sv.svedbrosmide.se\/de\/produkt\/svedbro-kuhfuss-white\/\",\"url\":\"https:\/\/sv.svedbrosmide.se\/de\/produkt\/svedbro-kuhfuss-white\/\",\"name\":\"Svedbro\",\"isPartOf\":{\"@id\":\"https:\/\/sv.svedbrosmide.se\/de\/#website\"},\"primaryImageOfPage\":{\"@id\":\"https:\/\/sv.svedbrosmide.se\/de\/produkt\/svedbro-kuhfuss-white\/#primaryimage\"},\"image\":{\"@id\":\"https:\/\/sv.svedbrosmide.se\/de\/produkt\/svedbro-kuhfuss-white\/#primaryimage\"},\"thumbnailUrl\":\"https:\/\/sv.svedbrosmide.se\/wp-content\/uploads\/vit.jpg\",\"datePublished\":\"2021-11-16T14:52:39+00:00\",\"breadcrumb\":{\"@id\":\"https:\/\/sv.svedbrosmide.se\/de\/produkt\/svedbro-kuhfuss-white\/#breadcrumb\"},\"inLanguage\":\"de\",\"potentialAction\":[{\"@type\":\"ReadAction\",\"target\":[\"https:\/\/sv.svedbrosmide.se\/de\/produkt\/svedbro-kuhfuss-white\/\"]}]},{\"@type\":\"ImageObject\",\"inLanguage\":\"de\",\"@id\":\"https:\/\/sv.svedbrosmide.se\/de\/produkt\/svedbro-kuhfuss-white\/#primaryimage\",\"url\":\"https:\/\/sv.svedbrosmide.se\/wp-content\/uploads\/vit.jpg\",\"contentUrl\":\"https:\/\/sv.svedbrosmide.se\/wp-content\/uploads\/vit.jpg\",\"width\":1500,\"height\":1001},{\"@type\":\"BreadcrumbList\",\"@id\":\"https:\/\/sv.svedbrosmide.se\/de\/produkt\/svedbro-kuhfuss-white\/#breadcrumb\",\"itemListElement\":[{\"@type\":\"ListItem\",\"position\":1,\"name\":\"Hem\",\"item\":\"https:\/\/sv.svedbrosmide.se\/de\/\"},{\"@type\":\"ListItem\",\"position\":2,\"name\":\"Webbutik\",\"item\":\"https:\/\/sv.svedbrosmide.se\/butik\/\"},{\"@type\":\"ListItem\",\"position\":3,\"name\":\"Svedbro Kuhfu\u00df &#8211; White\"}]},{\"@type\":\"WebSite\",\"@id\":\"https:\/\/sv.svedbrosmide.se\/de\/#website\",\"url\":\"https:\/\/sv.svedbrosmide.se\/de\/\",\"name\":\"Svedbro Smide\",\"description\":\"Svedbro\",\"publisher\":{\"@id\":\"https:\/\/sv.svedbrosmide.se\/de\/#organization\"},\"potentialAction\":[{\"@type\":\"SearchAction\",\"target\":{\"@type\":\"EntryPoint\",\"urlTemplate\":\"https:\/\/sv.svedbrosmide.se\/de\/?s={search_term_string}\"},\"query-input\":{\"@type\":\"PropertyValueSpecification\",\"valueRequired\":true,\"valueName\":\"search_term_string\"}}],\"inLanguage\":\"de\"},{\"@type\":\"Organization\",\"@id\":\"https:\/\/sv.svedbrosmide.se\/de\/#organization\",\"name\":\"Svedbro Smide\",\"url\":\"https:\/\/sv.svedbrosmide.se\/de\/\",\"logo\":{\"@type\":\"ImageObject\",\"inLanguage\":\"de\",\"@id\":\"https:\/\/sv.svedbrosmide.se\/de\/#\/schema\/logo\/image\/\",\"url\":\"https:\/\/svedbrosmide.se\/wp-content\/uploads\/Svedbro-Smide-Ny-Logo-ver-2-svart.jpg\",\"contentUrl\":\"https:\/\/svedbrosmide.se\/wp-content\/uploads\/Svedbro-Smide-Ny-Logo-ver-2-svart.jpg\",\"width\":267,\"height\":126,\"caption\":\"Svedbro Smide\"},\"image\":{\"@id\":\"https:\/\/sv.svedbrosmide.se\/de\/#\/schema\/logo\/image\/\"}}]}<\/script>\n<!-- \/ Yoast SEO plugin. -->","yoast_head_json":{"title":"Svedbro","robots":{"index":"noindex","follow":"follow","max-snippet":"max-snippet:-1","max-image-preview":"max-image-preview:large","max-video-preview":"max-video-preview:-1"},"og_locale":"de_DE","og_type":"article","og_title":"Svedbro","og_description":"F\u00fcr Renovierung, Denkmalschutz und Abriss. Zum ersten Mal seit 80 Jahren stellen wir Brechstangen in mehr Farben her als unser klassisches Blau. Welche Farbe w\u00e4hlen Sie?  Alle Brechstangen werden von Hand geschmiedet und vor dem Verlassen der Schmiede qualit\u00e4tsgepr\u00fcft. Das Design wurde entwickelt, um Ihre Arbeit effizient und pr\u00e4zise ausf\u00fchren zu k\u00f6nnen.  Der achteckige Griff bietet Ihnen einen besseren Halt, und das geringe Gewicht in Kombination mit der St\u00e4rke tr\u00e4gt zu einer besseren Ergonomie und erh\u00f6hten Pr\u00e4zision bei. Die charakteristische V-Form des Nagelziehers und die breiten, d\u00fcnnen Auflagefl\u00e4chen erm\u00f6glichen es Ihnen, \u00fcberall zu arbeiten. Sie minimieren auch das Risiko von Sch\u00e4den an der Oberfl\u00e4che.  Erh\u00e4ltlich in f\u00fcnf Gr\u00f6\u00dfen - von 11\u2033 bis 36\u2033. [...]Weiterlesen...","og_url":"https:\/\/sv.svedbrosmide.se\/de\/produkt\/svedbro-kuhfuss-white\/","og_site_name":"Svedbro Smide","og_image":[{"width":1500,"height":1001,"url":"https:\/\/sv.svedbrosmide.se\/wp-content\/uploads\/vit.jpg","type":"image\/jpeg"}],"twitter_card":"summary_large_image","schema":{"@context":"https:\/\/schema.org","@graph":[{"@type":"WebPage","@id":"https:\/\/sv.svedbrosmide.se\/de\/produkt\/svedbro-kuhfuss-white\/","url":"https:\/\/sv.svedbrosmide.se\/de\/produkt\/svedbro-kuhfuss-white\/","name":"Svedbro","isPartOf":{"@id":"https:\/\/sv.svedbrosmide.se\/de\/#website"},"primaryImageOfPage":{"@id":"https:\/\/sv.svedbrosmide.se\/de\/produkt\/svedbro-kuhfuss-white\/#primaryimage"},"image":{"@id":"https:\/\/sv.svedbrosmide.se\/de\/produkt\/svedbro-kuhfuss-white\/#primaryimage"},"thumbnailUrl":"https:\/\/sv.svedbrosmide.se\/wp-content\/uploads\/vit.jpg","datePublished":"2021-11-16T14:52:39+00:00","breadcrumb":{"@id":"https:\/\/sv.svedbrosmide.se\/de\/produkt\/svedbro-kuhfuss-white\/#breadcrumb"},"inLanguage":"de","potentialAction":[{"@type":"ReadAction","target":["https:\/\/sv.svedbrosmide.se\/de\/produkt\/svedbro-kuhfuss-white\/"]}]},{"@type":"ImageObject","inLanguage":"de","@id":"https:\/\/sv.svedbrosmide.se\/de\/produkt\/svedbro-kuhfuss-white\/#primaryimage","url":"https:\/\/sv.svedbrosmide.se\/wp-content\/uploads\/vit.jpg","contentUrl":"https:\/\/sv.svedbrosmide.se\/wp-content\/uploads\/vit.jpg","width":1500,"height":1001},{"@type":"BreadcrumbList","@id":"https:\/\/sv.svedbrosmide.se\/de\/produkt\/svedbro-kuhfuss-white\/#breadcrumb","itemListElement":[{"@type":"ListItem","position":1,"name":"Hem","item":"https:\/\/sv.svedbrosmide.se\/de\/"},{"@type":"ListItem","position":2,"name":"Webbutik","item":"https:\/\/sv.svedbrosmide.se\/butik\/"},{"@type":"ListItem","position":3,"name":"Svedbro Kuhfu\u00df &#8211; White"}]},{"@type":"WebSite","@id":"https:\/\/sv.svedbrosmide.se\/de\/#website","url":"https:\/\/sv.svedbrosmide.se\/de\/","name":"Svedbro Smide","description":"Svedbro","publisher":{"@id":"https:\/\/sv.svedbrosmide.se\/de\/#organization"},"potentialAction":[{"@type":"SearchAction","target":{"@type":"EntryPoint","urlTemplate":"https:\/\/sv.svedbrosmide.se\/de\/?s={search_term_string}"},"query-input":{"@type":"PropertyValueSpecification","valueRequired":true,"valueName":"search_term_string"}}],"inLanguage":"de"},{"@type":"Organization","@id":"https:\/\/sv.svedbrosmide.se\/de\/#organization","name":"Svedbro Smide","url":"https:\/\/sv.svedbrosmide.se\/de\/","logo":{"@type":"ImageObject","inLanguage":"de","@id":"https:\/\/sv.svedbrosmide.se\/de\/#\/schema\/logo\/image\/","url":"https:\/\/svedbrosmide.se\/wp-content\/uploads\/Svedbro-Smide-Ny-Logo-ver-2-svart.jpg","contentUrl":"https:\/\/svedbrosmide.se\/wp-content\/uploads\/Svedbro-Smide-Ny-Logo-ver-2-svart.jpg","width":267,"height":126,"caption":"Svedbro Smide"},"image":{"@id":"https:\/\/sv.svedbrosmide.se\/de\/#\/schema\/logo\/image\/"}}]}},"_links":{"self":[{"href":"https:\/\/sv.svedbrosmide.se\/de\/wp-json\/wp\/v2\/product\/49821","targetHints":{"allow":["GET"]}}],"collection":[{"href":"https:\/\/sv.svedbrosmide.se\/de\/wp-json\/wp\/v2\/product"}],"about":[{"href":"https:\/\/sv.svedbrosmide.se\/de\/wp-json\/wp\/v2\/types\/product"}],"wp:featuredmedia":[{"embeddable":true,"href":"https:\/\/sv.svedbrosmide.se\/de\/wp-json\/wp\/v2\/media\/49822"}],"wp:attachment":[{"href":"https:\/\/sv.svedbrosmide.se\/de\/wp-json\/wp\/v2\/media?parent=49821"}],"wp:term":[{"taxonomy":"product_brand","embeddable":true,"href":"https:\/\/sv.svedbrosmide.se\/de\/wp-json\/wp\/v2\/product_brand?post=49821"},{"taxonomy":"product_cat","embeddable":true,"href":"https:\/\/sv.svedbrosmide.se\/de\/wp-json\/wp\/v2\/product_cat?post=49821"},{"taxonomy":"product_tag","embeddable":true,"href":"https:\/\/sv.svedbrosmide.se\/de\/wp-json\/wp\/v2\/product_tag?post=49821"}],"curies":[{"name":"wp","href":"https:\/\/api.w.org\/{rel}","templated":true}]}}